{"id":22,"date":"2014-08-21T21:05:02","date_gmt":"2014-08-21T21:05:02","guid":{"rendered":"https:\/\/www.knihaoffice.cz\/?page_id=22"},"modified":"2019-01-03T18:50:40","modified_gmt":"2019-01-03T17:50:40","slug":"skoleni","status":"publish","type":"page","link":"https:\/\/foss.e-ott.cz\/knihaoffice\/skoleni\/","title":{"rendered":"\u0160kolen\u00ed"},"content":{"rendered":"\n<p>Sou\u010d\u00e1st\u00ed m\u00e9 nab\u00eddky je tak\u00e9 \u0161kolen\u00ed vybran\u00fdch sou\u010d\u00e1st\u00ed LibreOffice. \u0160kol\u00edm pravideln\u011b (nejen LibreOffice, ale tak\u00e9 dal\u0161\u00ed software, viz <a title=\"Nab\u00eddka \u0161kolen\u00ed open-source softwaru\" href=\"http:\/\/vlastimilott.cz\/skoleni\/\">moje nab\u00eddka<\/a>).<\/p>\n\n\n\n<p class=\"info\">Nab\u00eddka \u0161kolen\u00ed se vztahuje tak\u00e9 na <strong>Apache OpenOffice<\/strong>. Prim\u00e1rn\u011b pracuji v linuxov\u00fdch syst\u00e9mech, ale ve \u0161kolen\u00edch p\u0159edpokl\u00e1d\u00e1m pou\u017eit\u00ed syst\u00e9m\u016f Windows.<\/p>\n\n\n\n<h2 class=\"wp-block-heading\">Organizace \u0161kolen\u00ed<\/h2>\n\n\n\n<p>Obvykle jsou \u00fa\u010dastn\u00edky m\u00fdch \u0161kolen\u00ed u\u010ditel\u00e9, zam\u011bstnanci firem a organizac\u00ed. \u0160kolen\u00ed prob\u00edh\u00e1 <strong>prezen\u010dn\u011b &#8222;u v\u00e1s&#8220;<\/strong>. Nedisponuji u\u010debnou, v p\u0159\u00edpad\u011b pot\u0159eby mohu dojednat jej\u00ed pron\u00e1jem podle dohody. <strong>P\u0159ijedu kamkoliv<\/strong>.<\/p>\n\n\n\n<p>Typick\u00e9 \u0161kolen\u00ed trv\u00e1 5-6 hodin se za\u010d\u00e1tkem kolem dev\u00e1t\u00e9, pauzami na ob\u011bd a kafe a koncem kolem \u010dtvrt\u00e9 odpoledne.<\/p>\n\n\n\n<h2 class=\"wp-block-heading\">Cena za \u0161kolen\u00ed<\/h2>\n\n\n\n<p>Obvykl\u00e1 cena za jednodenn\u00ed \u0161kolen\u00ed je 25000 K\u010d, minim\u00e1ln\u00ed po\u010det osob je obvykle p\u011bt. Pokud m\u00e1te jin\u00e9 po\u017eadavky, kontaktujte m\u011b, pros\u00edm. Tohle je obecn\u00e1 nab\u00eddka.<\/p>\n\n\n\n<h2 class=\"wp-block-heading\">Osnova \u0161kolen\u00ed LibreOffice<\/h2>\n\n\n\n<p>N\u00ed\u017ee najdete obecnou osnovu m\u00fdch \u0161kolen\u00ed, kter\u00e1 se t\u00fdkaj\u00ed LibreOffice. Mohu ale nab\u00eddnout mnohem v\u00edc, nebo jin\u00fd obsah. Nev\u00e1hejte m\u011b kontaktovat s popt\u00e1vkou.<\/p>\n\n\n\n<p class=\"info\">Ne\u0161kol\u00edm v\u0161e &#8211; na rovinu p\u0159izn\u00e1v\u00e1m, \u017ee Math, Base a programov\u00e1n\u00ed (maker) v\u00e1m nenab\u00eddnu.<\/p>\n\n\n\n<h2 class=\"wp-block-heading\">\u0160kolen\u00ed Writer<\/h2>\n\n\n\n<ul class=\"wp-block-list\"><li>Tvorba komplexn\u00edho dokumentu v&nbsp;prost\u0159ed\u00ed LibreOffice Writer:\n<ul>\n<li>p\u0159ehled z\u00e1kladn\u00edch funkc\u00ed a n\u00e1stroj\u016f,<\/li>\n<li>styly a jejich praktick\u00e9 vyu\u017eit\u00ed (odstavc\u016f, str\u00e1nek, seznam\u016f)<\/li>\n<li>vytv\u00e1\u0159en\u00ed obsahu a rejst\u0159\u00edk\u016f,<\/li>\n<li>tipy pro efektivn\u00ed pr\u00e1ci s dokumentem,<\/li>\n<li>vkl\u00e1d\u00e1n\u00ed dat (obr\u00e1zk\u016f, tabulek apod.),<\/li>\n<li>galerie obr\u00e1zk\u016f,<\/li>\n<li>sledov\u00e1n\u00ed zm\u011bn a pr\u00e1ce s nimi.<\/li>\n<\/ul>\n<\/li><\/ul>\n\n\n\n<ul class=\"wp-block-list\"><li>Pr\u00e1ce se \u0161ablonami<\/li><li>Doporu\u010den\u00e9 dopl\u0148ky &#8211; \u0161ablony, roz\u0161\u00ed\u0159en\u00ed<\/li><\/ul>\n\n\n\n<h2 class=\"wp-block-heading\">\u0160kolen\u00ed Calc<\/h2>\n\n\n\n<ul class=\"wp-block-list\"><li>Z\u00e1kladn\u00ed obecn\u00e1 pravidla pro pr\u00e1ci s tabulkami<\/li><li>Tvorba komplexn\u00ed tabulky v&nbsp;prost\u0159ed\u00ed LibreOffice Calc:\n<ul>\n<li>p\u0159ehled z\u00e1kladn\u00edch funkc\u00ed,<\/li>\n<li>form\u00e1ty dat v&nbsp;bu\u0148k\u00e1ch,<\/li>\n<li>z\u00e1kladn\u00ed v\u00fdpo\u010dty pomoc\u00ed editoru vzorc\u016f,<\/li>\n<li>z\u00e1kladn\u00ed v\u00fdpo\u010dty pomoc\u00ed zabudovan\u00fdch funkc\u00ed,<\/li>\n<li>funkce filtrov\u00e1n\u00ed a t\u0159\u00edd\u011bn\u00ed,<\/li>\n<li>tipy a triky pro efektivn\u00ed tvorbu tabulky.<\/li>\n<\/ul>\n<\/li><li>Vytv\u00e1\u0159en\u00ed graf\u016f a \u00faprava jejich vzhledu a parametr\u016f<\/li><li>Datov\u00e9 a tiskov\u00e9 oblasti, jejich spr\u00e1va a vyu\u017eit\u00ed<\/li><li>Tisk tabulek<\/li><li>Seskupen\u00ed, souhrny, mezisou\u010dty<\/li><li>Kontingen\u010dn\u00ed tabulky<\/li><li>Import, export, na\u010d\u00edt\u00e1n\u00ed dat<\/li><li>Doporu\u010den\u00e9 dopl\u0148ky &#8211; \u0161ablony, roz\u0161\u00ed\u0159en\u00ed<\/li><\/ul>\n\n\n\n<h2 class=\"wp-block-heading\">\u0160kolen\u00ed Impress<\/h2>\n\n\n\n<ul class=\"wp-block-list\"><li>Pravidla pro vytv\u00e1\u0159en\u00ed smyslupln\u00e9 prezentace\n<ul>\n<li>pou\u017eit\u00e1 p\u00edsma, barvy,<\/li>\n<\/ul>\n<\/li><li>Tvorba prezentace v&nbsp;prost\u0159ed\u00ed LibreOffice Impress:\n<ul>\n<li>p\u0159ehled z\u00e1kladn\u00edch funkc\u00ed,<\/li>\n<li>vkl\u00e1d\u00e1n\u00ed a \u00faprava sn\u00edmk\u016f,<\/li>\n<li>p\u0159echodov\u00e9 a jin\u00e9 efekty,<\/li>\n<li>ovl\u00e1d\u00e1n\u00ed prezentace,<\/li>\n<li>vkl\u00e1d\u00e1n\u00ed extern\u00edch dat (obr\u00e1zk\u016f, graf\u016f),<\/li>\n<li>export prezentace a samotn\u00e1 realizace<\/li>\n<\/ul>\n<\/li><\/ul>\n\n\n\n<p style=\"background-color:#0e7ead;color:#ffffff\" class=\"has-text-color has-background success\">Kontaktujte m\u011b ohledn\u011b \u0161kolen\u00ed na <strong>kontakt@vlastimilott.cz<\/strong>. Nena\u0161li jste, co jste hledali? Zavolejte mi, na rovinu \u0159eknu, jestli v\u00e1m mohu pomoci, nebo ne. Moje \u010d\u00edslo: <a href=\"tel:591141346\">+420 591 141 346<\/a>.<\/p>\n","protected":false},"excerpt":{"rendered":"<p>Sou\u010d\u00e1st\u00ed m\u00e9 nab\u00eddky je tak\u00e9 \u0161kolen\u00ed vybran\u00fdch sou\u010d\u00e1st\u00ed LibreOffice. \u0160kol\u00edm pravideln\u011b (nejen LibreOffice, ale tak\u00e9 dal\u0161\u00ed software, viz moje nab\u00eddka). Nab\u00eddka \u0161kolen\u00ed se vztahuje tak\u00e9 na Apache OpenOffice. Prim\u00e1rn\u011b pracuji v linuxov\u00fdch syst\u00e9mech, ale ve \u0161kolen\u00edch p\u0159edpokl\u00e1d\u00e1m pou\u017eit\u00ed syst\u00e9m\u016f Windows. Organizace \u0161kolen\u00ed Obvykle jsou \u00fa\u010dastn\u00edky m\u00fdch \u0161kolen\u00ed u\u010ditel\u00e9, zam\u011bstnanci firem a organizac\u00ed. \u0160kolen\u00ed prob\u00edh\u00e1 prezen\u010dn\u011b &#8230; <a title=\"\u0160kolen\u00ed\" class=\"read-more\" href=\"https:\/\/foss.e-ott.cz\/knihaoffice\/skoleni\/\" aria-label=\"\u010c\u00edst v\u00edce o \u0160kolen\u00ed\">Read more<\/a><\/p>\n","protected":false},"author":2,"featured_media":0,"parent":0,"menu_order":0,"comment_status":"closed","ping_status":"open","template":"","meta":{"footnotes":""},"class_list":["post-22","page","type-page","status-publish"],"_links":{"self":[{"href":"https:\/\/foss.e-ott.cz\/knihaoffice\/wp-json\/wp\/v2\/pages\/22","targetHints":{"allow":["GET"]}}],"collection":[{"href":"https:\/\/foss.e-ott.cz\/knihaoffice\/wp-json\/wp\/v2\/pages"}],"about":[{"href":"https:\/\/foss.e-ott.cz\/knihaoffice\/wp-json\/wp\/v2\/types\/page"}],"author":[{"embeddable":true,"href":"https:\/\/foss.e-ott.cz\/knihaoffice\/wp-json\/wp\/v2\/users\/2"}],"replies":[{"embeddable":true,"href":"https:\/\/foss.e-ott.cz\/knihaoffice\/wp-json\/wp\/v2\/comments?post=22"}],"version-history":[{"count":7,"href":"https:\/\/foss.e-ott.cz\/knihaoffice\/wp-json\/wp\/v2\/pages\/22\/revisions"}],"predecessor-version":[{"id":167,"href":"https:\/\/foss.e-ott.cz\/knihaoffice\/wp-json\/wp\/v2\/pages\/22\/revisions\/167"}],"wp:attachment":[{"href":"https:\/\/foss.e-ott.cz\/knihaoffice\/wp-json\/wp\/v2\/media?parent=22"}],"curies":[{"name":"wp","href":"https:\/\/api.w.org\/{rel}","templated":true}]}}